{"id":6870,"date":"2018-03-24T11:41:45","date_gmt":"2018-03-24T11:41:45","guid":{"rendered":"http:\/\/1001-journeys.com\/de\/?page_id=6870"},"modified":"2019-05-20T17:21:41","modified_gmt":"2019-05-20T17:21:41","slug":"star-alliance","status":"publish","type":"page","link":"https:\/\/1001-journeys.com\/de\/star-alliance\/","title":{"rendered":"Wissen: Star Alliance"},"content":{"rendered":"<p>[et_pb_section fb_built=&#8221;1&#8243; _builder_version=&#8221;3.22.3&#8243; background_image=&#8221;https:\/\/1001-journeys.com\/de\/wp-content\/uploads\/2018\/03\/staralliance_Header-min.jpg&#8221; custom_padding=&#8221;260px|0px|260px|0px&#8221;][\/et_pb_section][et_pb_section fb_built=&#8221;1&#8243; specialty=&#8221;on&#8221; _builder_version=&#8221;3.22.3&#8243; custom_padding=&#8221;100px||70px|&#8221;][et_pb_column type=&#8221;3_4&#8243; specialty_columns=&#8221;3&#8243; _builder_version=&#8221;3.0.47&#8243;][et_pb_row_inner custom_padding=&#8221;0|0px|70px|0px&#8221; _builder_version=&#8221;3.0.69&#8243;][et_pb_column_inner type=&#8221;4_4&#8243; saved_specialty_column_type=&#8221;3_4&#8243; _builder_version=&#8221;3.0.47&#8243;][et_pb_text _builder_version=&#8221;3.0.74&#8243;]<\/p>\n<h1 style=\"text-align: justify;\"><strong><u>Star Alliance<br \/>\n<\/u><\/strong><\/h1>\n<p>[\/et_pb_text][\/et_pb_column_inner][\/et_pb_row_inner][et_pb_row_inner custom_padding=&#8221;0|0px|0px|0px&#8221; _builder_version=&#8221;3.0.92&#8243;][et_pb_column_inner type=&#8221;4_4&#8243; saved_specialty_column_type=&#8221;3_4&#8243; _builder_version=&#8221;3.0.47&#8243;][et_pb_text _builder_version=&#8221;3.0.92&#8243;]<\/p>\n<p style=\"text-align: justify;\">Die 1997 gegr\u00fcndete Star Alliance ist die \u00e4lteste der drei gro\u00dfen Airline-Allianzen und zugleich auch die gr\u00f6\u00dfte. Zudem ist sie die Allianz mit den meisten europ\u00e4ischen Mitglieder und aufgrund der Beteiligung von Lufthansa, Austrian Airlines und Swiss auch f\u00fcr den deutschsprachigen Markt besonders relevant. Im Vergleich zu den anderen Allianzen deckt die Star Alliance mit ihren Mitgliedern und Hubs nahezu den gesamten Globus ab. Die 28 Mitglieds-Airlines bieten mit ca. 4600 Flugzeugen t\u00e4glich fast 20.000 Fl\u00fcge zu \u00fcber 1300 Zielen in 192 L\u00e4ndern. Die sieben gr\u00f6\u00dften Mitglieder in Bezug auf die j\u00e4hrlichen Passagierzahlen sind United Airlines, Lufthansa, Turkish Airlines, Air China, All Nippon Airlines, Air Canada und SAS Scandinavian Airlines. Weitere europ\u00e4ische Mitglieder sind Adria Airways, Aegean Airlines, Austrian Airlines, Croatia Airlines, LOT Polish Airlines und TAP Portugal.<\/p>\n<p>[\/et_pb_text][\/et_pb_column_inner][\/et_pb_row_inner][et_pb_row_inner custom_padding=&#8221;30px|0px|0|0px&#8221; _builder_version=&#8221;3.0.69&#8243;][et_pb_column_inner type=&#8221;4_4&#8243; saved_specialty_column_type=&#8221;3_4&#8243; _builder_version=&#8221;3.0.47&#8243;][et_pb_image src=&#8221;https:\/\/1001-journeys.com\/de\/wp-content\/uploads\/2018\/03\/Star_Benefits01-min.jpg&#8221; show_in_lightbox=&#8221;on&#8221; _builder_version=&#8221;3.0.106&#8243; animation=&#8221;off&#8221;]&nbsp;<br \/>\n[\/et_pb_image][\/et_pb_column_inner][\/et_pb_row_inner][et_pb_row_inner custom_padding=&#8221;70px|0px|0px|0px&#8221; _builder_version=&#8221;3.0.69&#8243;][et_pb_column_inner type=&#8221;4_4&#8243; saved_specialty_column_type=&#8221;3_4&#8243; _builder_version=&#8221;3.0.47&#8243;][et_pb_text _builder_version=&#8221;3.0.74&#8243;]<\/p>\n<h2><u>Vielfliegerprogramme und Statusvorteile<\/u><\/h2>\n<p>[\/et_pb_text][\/et_pb_column_inner][\/et_pb_row_inner][et_pb_row_inner custom_padding=&#8221;15px|0px|0|0px&#8221; _builder_version=&#8221;3.0.92&#8243;][et_pb_column_inner type=&#8221;4_4&#8243; saved_specialty_column_type=&#8221;3_4&#8243; _builder_version=&#8221;3.0.47&#8243;][et_pb_text _builder_version=&#8221;3.0.92&#8243;]<\/p>\n<p style=\"text-align: justify;\">Flugg\u00e4ste profitieren auf vielf\u00e4ltige Weise von der Allianz, u. a. durch aufeinander abgestimmte Verbindungen, gemeinsame Ticketangebote inklusive Tickets f\u00fcr Weltreisen (Round The World Ticket) und gemeinsame Lounges und Terminals. Dar\u00fcber hinaus besteht eine Kooperation der jeweiligen Vielfliegerprogramme, sodass Meilen mit allen Allianz-Partnern gesammelt und eingel\u00f6st werden k\u00f6nnen und Vielflieger-Statuskarten gegenseitig anerkannt werden. Wenngleich einige teilnehmende Vielfliegerprogramme deutlich mehr Stufen haben, werden zwei Allianz-weite Statusstufen definiert: Star Alliance Silver und Gold.<\/p>\n<p style=\"text-align: justify;\">Die Tabelle fasst die wichtigsten Vorteile der jeweiligen Stufen zusammen. Dies sind jedoch nur die Allianz-weit garantierten Vorteile. Die meisten teilnehmenden Vielfliegerprogramme bieten weitere Vorteile f\u00fcr ihre Mitglieder, v. a. bei Fl\u00fcgen mit der eigenen Airline. Das ist vor allem beim Silver-Status wichtig, der an sich kaum nennenswerte Vorteile bietet, allerdings bei einigen Programmen wie z. B. beim Lufthansa Miles &amp; More Frequent Traveller-Status durchaus mit interessanten Annehmlichkeiten ausgestattet ist.<\/p>\n<p>[\/et_pb_text][\/et_pb_column_inner][\/et_pb_row_inner][et_pb_row_inner custom_padding=&#8221;30px|0px|0|0px&#8221; _builder_version=&#8221;3.0.106&#8243; background_color=&#8221;#ffffff&#8221;][et_pb_column_inner type=&#8221;4_4&#8243; saved_specialty_column_type=&#8221;3_4&#8243; _builder_version=&#8221;3.0.47&#8243;][et_pb_image src=&#8221;https:\/\/1001-journeys.com\/de\/wp-content\/uploads\/2018\/03\/Staralliance-table-1.png&#8221; _builder_version=&#8221;3.0.106&#8243; animation=&#8221;off&#8221;]&nbsp;<br \/>\n[\/et_pb_image][\/et_pb_column_inner][\/et_pb_row_inner][et_pb_row_inner custom_padding=&#8221;15px|0px|0px|0px&#8221; _builder_version=&#8221;3.0.92&#8243;][et_pb_column_inner type=&#8221;4_4&#8243; saved_specialty_column_type=&#8221;3_4&#8243; _builder_version=&#8221;3.0.47&#8243;][et_pb_text _builder_version=&#8221;3.0.92&#8243;]<\/p>\n<p style=\"text-align: justify;\">Die Vorzugslinien bei Einreise, Ausreise und Sicherheitskontrolle werden als \u201eGold Track\u201c bezeichnet und teilweise werden Gutscheine mit dem \u201eGold Track\u201c Symbol f\u00fcr deren Nutzung ausgegeben.<\/p>\n<p style=\"text-align: justify;\">Die folgende Tabelle listet die wichtigsten Vielfliegerprogramme und ordnet die Statuskarten den beiden Star Alliance-Statusstufen zu.<\/p>\n<p>[\/et_pb_text][\/et_pb_column_inner][\/et_pb_row_inner][et_pb_row_inner custom_padding=&#8221;30px|0px|70px|0px&#8221; _builder_version=&#8221;3.0.69&#8243;][et_pb_column_inner type=&#8221;4_4&#8243; saved_specialty_column_type=&#8221;3_4&#8243; _builder_version=&#8221;3.0.47&#8243;][et_pb_image src=&#8221;https:\/\/1001-journeys.com\/de\/wp-content\/uploads\/2018\/03\/Staralliance-table2.png&#8221; _builder_version=&#8221;3.0.106&#8243; animation=&#8221;off&#8221;]&nbsp;<br \/>\n[\/et_pb_image][\/et_pb_column_inner][\/et_pb_row_inner][et_pb_row_inner custom_padding=&#8221;0px|0px|0px|0px&#8221; _builder_version=&#8221;3.0.92&#8243;][et_pb_column_inner type=&#8221;4_4&#8243; saved_specialty_column_type=&#8221;3_4&#8243; _builder_version=&#8221;3.0.47&#8243;][et_pb_text _builder_version=&#8221;3.0.92&#8243;]<\/p>\n<h2><u>Reviews von Star Alliance-Fl\u00fcgen<\/u><\/h2>\n<p>[\/et_pb_text][\/et_pb_column_inner][\/et_pb_row_inner][et_pb_row_inner custom_padding=&#8221;15px|0px|0|0px|false|false&#8221; _builder_version=&#8221;3.15&#8243;][et_pb_column_inner type=&#8221;4_4&#8243; saved_specialty_column_type=&#8221;3_4&#8243; _builder_version=&#8221;3.0.47&#8243;][et_pb_text _builder_version=&#8221;3.15&#8243;]<\/p>\n<p><a href=\"https:\/\/1001-journeys.com\/de\/lufthansa-economy-ks\/\">Lufthansa Economy Kurzstrecke<br \/><\/a><a href=\"https:\/\/1001-journeys.com\/de\/lufthansa-business-ks\/\">Lufthansa Business Kurzstrecke<br \/><\/a><a href=\"https:\/\/1001-journeys.com\/de\/lot-business-ks\/\">LOT Business Kurzstrecke<\/a><a href=\"https:\/\/1001-journeys.com\/de\/nordica-business-ks\"><br \/>Nordica Business Kurzstrecke<br \/><\/a><a href=\"https:\/\/1001-journeys.com\/de\/ethiopianairlines-business-ks\">Ethiopian Airlines Business Kurzstrecke<\/a><\/p>\n<p>[\/et_pb_text][\/et_pb_column_inner][\/et_pb_row_inner][et_pb_row_inner custom_padding=&#8221;70px|0px|0px|0px&#8221; _builder_version=&#8221;3.0.92&#8243;][et_pb_column_inner type=&#8221;4_4&#8243; saved_specialty_column_type=&#8221;3_4&#8243; _builder_version=&#8221;3.0.47&#8243;][et_pb_text _builder_version=&#8221;3.0.92&#8243;]<\/p>\n<h2><u>Star Alliance Lounge Reviews<br \/> <\/u><\/h2>\n<p>[\/et_pb_text][\/et_pb_column_inner][\/et_pb_row_inner][et_pb_row_inner custom_padding=&#8221;15px|0px|31px|0px|false|false&#8221; _builder_version=&#8221;3.15&#8243;][et_pb_column_inner type=&#8221;4_4&#8243; saved_specialty_column_type=&#8221;3_4&#8243; _builder_version=&#8221;3.0.47&#8243;][et_pb_text _builder_version=&#8221;3.15&#8243;]<\/p>\n<p><a href=\"https:\/\/1001-journeys.com\/de\/frankfurt-mapleleaf\/\">Maple Leaf Frankfurt<\/a><br \/><a href=\"https:\/\/1001-journeys.com\/de\/warschau-lot\/\">LOT Warschau\u00a0<br \/><\/a><a href=\"https:\/\/1001-journeys.com\/de\/amman-crownanman\/\">Royal Jordanian Crown Lounge Amman<\/a><\/p>\n<p>[\/et_pb_text][\/et_pb_column_inner][\/et_pb_row_inner][\/et_pb_column][et_pb_column type=&#8221;1_4&#8243; _builder_version=&#8221;3.0.47&#8243;][et_pb_sidebar area=&#8221;sidebar-1&#8243; show_border=&#8221;off&#8221; _builder_version=&#8221;3.12.2&#8243;][\/et_pb_sidebar][\/et_pb_column][\/et_pb_section][et_pb_section fb_built=&#8221;1&#8243; _builder_version=&#8221;3.8&#8243; background_color=&#8221;rgba(0,0,0,0.78)&#8221; background_image=&#8221;https:\/\/1001-journeys.com\/de\/wp-content\/uploads\/2018\/01\/SYD_QF20-min.jpg&#8221; background_blend=&#8221;multiply&#8221; global_module=&#8221;7498&#8243;][et_pb_row _builder_version=&#8221;3.22.3&#8243;][et_pb_column type=&#8221;1_4&#8243; _builder_version=&#8221;3.0.47&#8243;][et_pb_image src=&#8221;https:\/\/1001-journeys.com\/de\/wp-content\/uploads\/2018\/01\/Bild5.png&#8221; _builder_version=&#8221;3.8&#8243;][\/et_pb_image][\/et_pb_column][et_pb_column type=&#8221;1_4&#8243; _builder_version=&#8221;3.0.47&#8243;][et_pb_text _builder_version=&#8221;3.8&#8243; text_font=&#8221;||||||||&#8221; link_font=&#8221;||||||||&#8221; link_text_color=&#8221;#930550&#8243; header_font=&#8221;||||||||&#8221; header_3_font=&#8221;||||||||&#8221; header_3_text_color=&#8221;rgba(221,189,90,0.8)&#8221; header_4_font=&#8221;||||||||&#8221; custom_padding=&#8221;30px|||&#8221;]<\/p>\n<h3 style=\"text-align: left;\">Kontaktiere uns!<\/h3>\n<p style=\"text-align: left;\">1001 Journeys<br \/><a href=\"mailto:Kontakt@1001journeys.com\">Kontakt@1001-journeys.com<\/a><\/p>\n<p>[\/et_pb_text][\/et_pb_column][et_pb_column type=&#8221;1_4&#8243; _builder_version=&#8221;3.0.47&#8243;][et_pb_text _builder_version=&#8221;3.8&#8243; text_font=&#8221;||||||||&#8221; link_font=&#8221;||||||||&#8221; header_font=&#8221;||||||||&#8221; header_3_font=&#8221;||||||||&#8221; header_3_text_color=&#8221;rgba(221,189,90,0.8)&#8221; header_4_font=&#8221;||||||||&#8221; custom_padding=&#8221;30px|||&#8221;]<\/p>\n<h3 style=\"text-align: left;\"><a href=\"https:\/\/1001-journeys.com\/de\/impressum\/\" target=\"_blank\" rel=\"noopener noreferrer\">Impressum<\/a><\/h3>\n<p>[\/et_pb_text][\/et_pb_column][et_pb_column type=&#8221;1_4&#8243; _builder_version=&#8221;3.0.47&#8243;][et_pb_text _builder_version=&#8221;3.8&#8243; text_font=&#8221;||||||||&#8221; link_font=&#8221;||||||||&#8221; header_font=&#8221;||||||||&#8221; header_3_font=&#8221;||||||||&#8221; header_3_text_color=&#8221;rgba(221,189,90,0.8)&#8221; header_4_font=&#8221;||||||||&#8221; custom_padding=&#8221;30px|||&#8221;]<\/p>\n<h3 style=\"text-align: left;\"><a href=\"https:\/\/1001-journeys.com\/de\/datenschutz\/\" target=\"_blank\" rel=\"noopener noreferrer\">Datenschutz<\/a><\/h3>\n<p>[\/et_pb_text][\/et_pb_column][\/et_pb_row][\/et_pb_section]<\/p>\n","protected":false},"excerpt":{"rendered":"<p>Star Alliance Die 1997 gegr\u00fcndete Star Alliance ist die \u00e4lteste der drei gro\u00dfen Airline-Allianzen und zugleich auch die gr\u00f6\u00dfte. Zudem ist sie die Allianz mit den meisten europ\u00e4ischen Mitglieder und aufgrund der Beteiligung von Lufthansa, Austrian Airlines und Swiss auch f\u00fcr den deutschsprachigen Markt besonders relevant. Im Vergleich zu den anderen Allianzen deckt die Star [&hellip;]<\/p>\n","protected":false},"author":1,"featured_media":0,"parent":0,"menu_order":0,"comment_status":"closed","ping_status":"closed","template":"","meta":{"_et_pb_use_builder":"on","_et_pb_old_content":"","_et_gb_content_width":"","jetpack_post_was_ever_published":false,"footnotes":""},"class_list":["post-6870","page","type-page","status-publish","hentry"],"yoast_head":"<!-- This site is optimized with the Yoast SEO plugin v24.8.1 - https:\/\/yoast.com\/wordpress\/plugins\/seo\/ -->\n<title>Wissen: Star Alliance - 1001 Journeys<\/title>\n<meta name=\"robots\" content=\"index, follow, max-snippet:-1, max-image-preview:large, max-video-preview:-1\" \/>\n<link rel=\"canonical\" href=\"https:\/\/1001-journeys.com\/de\/star-alliance\/\" \/>\n<meta property=\"og:locale\" content=\"en_US\" \/>\n<meta property=\"og:type\" content=\"article\" \/>\n<meta property=\"og:title\" content=\"Wissen: Star Alliance - 1001 Journeys\" \/>\n<meta property=\"og:description\" content=\"Star Alliance Die 1997 gegr\u00fcndete Star Alliance ist die \u00e4lteste der drei gro\u00dfen Airline-Allianzen und zugleich auch die gr\u00f6\u00dfte. Zudem ist sie die Allianz mit den meisten europ\u00e4ischen Mitglieder und aufgrund der Beteiligung von Lufthansa, Austrian Airlines und Swiss auch f\u00fcr den deutschsprachigen Markt besonders relevant. Im Vergleich zu den anderen Allianzen deckt die Star [&hellip;]\" \/>\n<meta property=\"og:url\" content=\"https:\/\/1001-journeys.com\/de\/star-alliance\/\" \/>\n<meta property=\"og:site_name\" content=\"1001 Journeys\" \/>\n<meta property=\"article:modified_time\" content=\"2019-05-20T17:21:41+00:00\" \/>\n<meta name=\"twitter:card\" content=\"summary_large_image\" \/>\n<meta name=\"twitter:label1\" content=\"Est. reading time\" \/>\n\t<meta name=\"twitter:data1\" content=\"6 minutes\" \/>\n<script type=\"application\/ld+json\" class=\"yoast-schema-graph\">{\"@context\":\"https:\/\/schema.org\",\"@graph\":[{\"@type\":\"WebPage\",\"@id\":\"https:\/\/1001-journeys.com\/de\/star-alliance\/\",\"url\":\"https:\/\/1001-journeys.com\/de\/star-alliance\/\",\"name\":\"Wissen: Star Alliance - 1001 Journeys\",\"isPartOf\":{\"@id\":\"https:\/\/1001-journeys.com\/de\/#website\"},\"datePublished\":\"2018-03-24T11:41:45+00:00\",\"dateModified\":\"2019-05-20T17:21:41+00:00\",\"breadcrumb\":{\"@id\":\"https:\/\/1001-journeys.com\/de\/star-alliance\/#breadcrumb\"},\"inLanguage\":\"en-US\",\"potentialAction\":[{\"@type\":\"ReadAction\",\"target\":[\"https:\/\/1001-journeys.com\/de\/star-alliance\/\"]}]},{\"@type\":\"BreadcrumbList\",\"@id\":\"https:\/\/1001-journeys.com\/de\/star-alliance\/#breadcrumb\",\"itemListElement\":[{\"@type\":\"ListItem\",\"position\":1,\"name\":\"Home\",\"item\":\"https:\/\/1001-journeys.com\/de\/\"},{\"@type\":\"ListItem\",\"position\":2,\"name\":\"Wissen: Star Alliance\"}]},{\"@type\":\"WebSite\",\"@id\":\"https:\/\/1001-journeys.com\/de\/#website\",\"url\":\"https:\/\/1001-journeys.com\/de\/\",\"name\":\"1001 Journeys\",\"description\":\"Entdecke die Welt\",\"potentialAction\":[{\"@type\":\"SearchAction\",\"target\":{\"@type\":\"EntryPoint\",\"urlTemplate\":\"https:\/\/1001-journeys.com\/de\/?s={search_term_string}\"},\"query-input\":{\"@type\":\"PropertyValueSpecification\",\"valueRequired\":true,\"valueName\":\"search_term_string\"}}],\"inLanguage\":\"en-US\"}]}<\/script>\n<!-- \/ Yoast SEO plugin. -->","yoast_head_json":{"title":"Wissen: Star Alliance - 1001 Journeys","robots":{"index":"index","follow":"follow","max-snippet":"max-snippet:-1","max-image-preview":"max-image-preview:large","max-video-preview":"max-video-preview:-1"},"canonical":"https:\/\/1001-journeys.com\/de\/star-alliance\/","og_locale":"en_US","og_type":"article","og_title":"Wissen: Star Alliance - 1001 Journeys","og_description":"Star Alliance Die 1997 gegr\u00fcndete Star Alliance ist die \u00e4lteste der drei gro\u00dfen Airline-Allianzen und zugleich auch die gr\u00f6\u00dfte. Zudem ist sie die Allianz mit den meisten europ\u00e4ischen Mitglieder und aufgrund der Beteiligung von Lufthansa, Austrian Airlines und Swiss auch f\u00fcr den deutschsprachigen Markt besonders relevant. Im Vergleich zu den anderen Allianzen deckt die Star [&hellip;]","og_url":"https:\/\/1001-journeys.com\/de\/star-alliance\/","og_site_name":"1001 Journeys","article_modified_time":"2019-05-20T17:21:41+00:00","twitter_card":"summary_large_image","twitter_misc":{"Est. reading time":"6 minutes"},"schema":{"@context":"https:\/\/schema.org","@graph":[{"@type":"WebPage","@id":"https:\/\/1001-journeys.com\/de\/star-alliance\/","url":"https:\/\/1001-journeys.com\/de\/star-alliance\/","name":"Wissen: Star Alliance - 1001 Journeys","isPartOf":{"@id":"https:\/\/1001-journeys.com\/de\/#website"},"datePublished":"2018-03-24T11:41:45+00:00","dateModified":"2019-05-20T17:21:41+00:00","breadcrumb":{"@id":"https:\/\/1001-journeys.com\/de\/star-alliance\/#breadcrumb"},"inLanguage":"en-US","potentialAction":[{"@type":"ReadAction","target":["https:\/\/1001-journeys.com\/de\/star-alliance\/"]}]},{"@type":"BreadcrumbList","@id":"https:\/\/1001-journeys.com\/de\/star-alliance\/#breadcrumb","itemListElement":[{"@type":"ListItem","position":1,"name":"Home","item":"https:\/\/1001-journeys.com\/de\/"},{"@type":"ListItem","position":2,"name":"Wissen: Star Alliance"}]},{"@type":"WebSite","@id":"https:\/\/1001-journeys.com\/de\/#website","url":"https:\/\/1001-journeys.com\/de\/","name":"1001 Journeys","description":"Entdecke die Welt","potentialAction":[{"@type":"SearchAction","target":{"@type":"EntryPoint","urlTemplate":"https:\/\/1001-journeys.com\/de\/?s={search_term_string}"},"query-input":{"@type":"PropertyValueSpecification","valueRequired":true,"valueName":"search_term_string"}}],"inLanguage":"en-US"}]}},"jetpack_sharing_enabled":true,"jetpack_shortlink":"https:\/\/wp.me\/P9VXlv-1MO","jetpack-related-posts":[],"_links":{"self":[{"href":"https:\/\/1001-journeys.com\/de\/wp-json\/wp\/v2\/pages\/6870","targetHints":{"allow":["GET"]}}],"collection":[{"href":"https:\/\/1001-journeys.com\/de\/wp-json\/wp\/v2\/pages"}],"about":[{"href":"https:\/\/1001-journeys.com\/de\/wp-json\/wp\/v2\/types\/page"}],"author":[{"embeddable":true,"href":"https:\/\/1001-journeys.com\/de\/wp-json\/wp\/v2\/users\/1"}],"replies":[{"embeddable":true,"href":"https:\/\/1001-journeys.com\/de\/wp-json\/wp\/v2\/comments?post=6870"}],"version-history":[{"count":28,"href":"https:\/\/1001-journeys.com\/de\/wp-json\/wp\/v2\/pages\/6870\/revisions"}],"predecessor-version":[{"id":9748,"href":"https:\/\/1001-journeys.com\/de\/wp-json\/wp\/v2\/pages\/6870\/revisions\/9748"}],"wp:attachment":[{"href":"https:\/\/1001-journeys.com\/de\/wp-json\/wp\/v2\/media?parent=6870"}],"curies":[{"name":"wp","href":"https:\/\/api.w.org\/{rel}","templated":true}]}}