{"id":6849,"date":"2018-03-24T11:08:53","date_gmt":"2018-03-24T11:08:53","guid":{"rendered":"http:\/\/1001-journeys.com\/de\/?page_id=6849"},"modified":"2025-04-21T00:01:53","modified_gmt":"2025-04-21T00:01:53","slug":"skyteam-alliance","status":"publish","type":"page","link":"https:\/\/1001-journeys.com\/de\/skyteam-alliance\/","title":{"rendered":"Wissen: Skyteam Alliance"},"content":{"rendered":"<p>[et_pb_section fb_built=&#8221;1&#8243; _builder_version=&#8221;4.16&#8243; background_image=&#8221;https:\/\/1001-journeys.com\/de\/wp-content\/uploads\/2018\/03\/Skyteam_Header-min.jpg&#8221; custom_padding=&#8221;260px|0px|260px|0px&#8221; global_colors_info=&#8221;{}&#8221;][\/et_pb_section][et_pb_section fb_built=&#8221;1&#8243; specialty=&#8221;on&#8221; _builder_version=&#8221;4.16&#8243; custom_padding=&#8221;100px||70px|&#8221; global_colors_info=&#8221;{}&#8221;][et_pb_column type=&#8221;3_4&#8243; specialty_columns=&#8221;3&#8243; _builder_version=&#8221;4.16&#8243; custom_padding=&#8221;|||&#8221; global_colors_info=&#8221;{}&#8221; custom_padding__hover=&#8221;|||&#8221;][et_pb_row_inner _builder_version=&#8221;4.16&#8243; custom_padding=&#8221;0|0px|35px|0px&#8221; global_colors_info=&#8221;{}&#8221;][et_pb_column_inner saved_specialty_column_type=&#8221;3_4&#8243; _builder_version=&#8221;4.16&#8243; custom_padding=&#8221;|||&#8221; global_colors_info=&#8221;{}&#8221; custom_padding__hover=&#8221;|||&#8221;][et_pb_text _builder_version=&#8221;4.16&#8243; global_colors_info=&#8221;{}&#8221;]<\/p>\n<h1 style=\"text-align: justify;\"><strong><u>Skyteam<br \/><\/u><\/strong><\/h1>\n<p>[\/et_pb_text][\/et_pb_column_inner][\/et_pb_row_inner][et_pb_row_inner _builder_version=&#8221;4.16&#8243; custom_padding=&#8221;0|0px|0px|0px&#8221; global_colors_info=&#8221;{}&#8221;][et_pb_column_inner saved_specialty_column_type=&#8221;3_4&#8243; _builder_version=&#8221;4.16&#8243; custom_padding=&#8221;|||&#8221; global_colors_info=&#8221;{}&#8221; custom_padding__hover=&#8221;|||&#8221;][et_pb_text _builder_version=&#8221;4.18.0&#8243; global_colors_info=&#8221;{}&#8221;]<\/p>\n<p style=\"text-align: justify;\"><span>Die Skyteam Allianz besteht aus 19 Mitgliedern. Die f\u00fcnf gr\u00f6\u00dften Mitglieder im Hinblick auf ihr Passagieraufkommen sind Delta Airlines, China Eastern, Air France, Xiamen Airlines, und KLM Royal Dutch Airlines. Weitere europ\u00e4ische Mitglieder sind Air Europa, Czech Airlines, ITA Airways, SAS Scandinavian Airlines und TAROM. Insgesamt fliegen die Skyteam Mitglieder mit \u00fcber 2600 Flugzeugen mehr als 1000 Airports in \u00fcber 160 L\u00e4ndern an. <\/span><\/p>\n<p>[\/et_pb_text][\/et_pb_column_inner][\/et_pb_row_inner][et_pb_row_inner _builder_version=&#8221;4.16&#8243; custom_padding=&#8221;30px|0px|0|0px&#8221; global_colors_info=&#8221;{}&#8221;][et_pb_column_inner saved_specialty_column_type=&#8221;3_4&#8243; _builder_version=&#8221;4.16&#8243; custom_padding=&#8221;|||&#8221; global_colors_info=&#8221;{}&#8221; custom_padding__hover=&#8221;|||&#8221;][et_pb_image src=&#8221;https:\/\/1001-journeys.com\/de\/wp-content\/uploads\/2018\/03\/ST_Benefits03-min.jpg&#8221; show_in_lightbox=&#8221;on&#8221; align_tablet=&#8221;center&#8221; align_phone=&#8221;center&#8221; align_last_edited=&#8221;on|desktop&#8221; _builder_version=&#8221;4.16&#8243; animation=&#8221;off&#8221; global_colors_info=&#8221;{}&#8221;]&nbsp;<br \/>\n[\/et_pb_image][\/et_pb_column_inner][\/et_pb_row_inner][et_pb_row_inner _builder_version=&#8221;4.16&#8243; custom_padding=&#8221;70px|0px|0px|0px&#8221; global_colors_info=&#8221;{}&#8221;][et_pb_column_inner saved_specialty_column_type=&#8221;3_4&#8243; _builder_version=&#8221;4.16&#8243; custom_padding=&#8221;|||&#8221; global_colors_info=&#8221;{}&#8221; custom_padding__hover=&#8221;|||&#8221;][et_pb_text _builder_version=&#8221;4.16&#8243; global_colors_info=&#8221;{}&#8221;]<\/p>\n<h2><u>Vielfliegerprogramme und Statusvorteile<\/u><\/h2>\n<p>[\/et_pb_text][\/et_pb_column_inner][\/et_pb_row_inner][et_pb_row_inner _builder_version=&#8221;4.16&#8243; custom_padding=&#8221;15px|0px|0|0px&#8221; global_colors_info=&#8221;{}&#8221;][et_pb_column_inner saved_specialty_column_type=&#8221;3_4&#8243; _builder_version=&#8221;4.16&#8243; custom_padding=&#8221;|||&#8221; global_colors_info=&#8221;{}&#8221; custom_padding__hover=&#8221;|||&#8221;][et_pb_text _builder_version=&#8221;4.16&#8243; global_colors_info=&#8221;{}&#8221;]<\/p>\n<p style=\"text-align: justify;\">Wenngleich einige teilnehmende Vielfliegerprogramme deutlich mehr Stufen haben, werden zwei Allianz-weite Statusstufen definiert: Elite und Elite Plus.<\/p>\n<p style=\"text-align: justify;\">Die Tabelle fasst die wichtigsten Vorteile der jeweiligen Stufen zusammen. Dies sind jedoch nur die Allianz-weit garantierten Vorteile. Die meisten teilnehmenden Vielfliegerprogramme bieten weitere Vorteile f\u00fcr ihre Mitglieder, v. a. bei Fl\u00fcgen mit der eigenen Airline.<\/p>\n<p>[\/et_pb_text][\/et_pb_column_inner][\/et_pb_row_inner][et_pb_row_inner _builder_version=&#8221;4.16&#8243; background_color=&#8221;#ffffff&#8221; custom_padding=&#8221;30px|0px|0|0px&#8221; global_colors_info=&#8221;{}&#8221;][et_pb_column_inner saved_specialty_column_type=&#8221;3_4&#8243; _builder_version=&#8221;4.16&#8243; custom_padding=&#8221;|||&#8221; global_colors_info=&#8221;{}&#8221; custom_padding__hover=&#8221;|||&#8221;][et_pb_image src=&#8221;https:\/\/1001-journeys.com\/de\/wp-content\/uploads\/2018\/03\/Skyteam-table-1.png&#8221; align_tablet=&#8221;center&#8221; align_phone=&#8221;center&#8221; align_last_edited=&#8221;on|desktop&#8221; _builder_version=&#8221;4.16&#8243; animation=&#8221;off&#8221; global_colors_info=&#8221;{}&#8221;]&nbsp;<br \/>\n[\/et_pb_image][\/et_pb_column_inner][\/et_pb_row_inner][et_pb_row_inner _builder_version=&#8221;4.16&#8243; custom_padding=&#8221;30px|0px|30px|0px&#8221; global_colors_info=&#8221;{}&#8221;][et_pb_column_inner saved_specialty_column_type=&#8221;3_4&#8243; _builder_version=&#8221;4.16&#8243; custom_padding=&#8221;|||&#8221; global_colors_info=&#8221;{}&#8221; custom_padding__hover=&#8221;|||&#8221;][et_pb_text _builder_version=&#8221;4.16&#8243; global_colors_info=&#8221;{}&#8221;]<\/p>\n<p style=\"text-align: justify;\">Die Vorteile f\u00fcr Statuskunden werden an den jeweiligen Stationen am Flughafen auff\u00e4llig mit roten \u201eSky Priority\u201c Schildern gekennzeichnet. Online steht zudem ein \u201eSky Priority Finder\u201c bereit, mit dem man bereits vor Abflug herausfinden kann, welche Services man vor Abflug, beim Umstieg oder nach Ankunft an den jeweiligen Flugh\u00e4fen nutzen kann.<\/p>\n<p>[\/et_pb_text][\/et_pb_column_inner][\/et_pb_row_inner][et_pb_row_inner _builder_version=&#8221;4.16&#8243; custom_padding=&#8221;0|0px|30px|0px&#8221; global_colors_info=&#8221;{}&#8221;][et_pb_column_inner saved_specialty_column_type=&#8221;3_4&#8243; _builder_version=&#8221;4.16&#8243; custom_padding=&#8221;|||&#8221; global_colors_info=&#8221;{}&#8221; custom_padding__hover=&#8221;|||&#8221;][et_pb_image src=&#8221;https:\/\/1001-journeys.com\/de\/wp-content\/uploads\/2018\/03\/ST_Benefits02-min.jpg&#8221; show_in_lightbox=&#8221;on&#8221; align_tablet=&#8221;center&#8221; align_phone=&#8221;center&#8221; align_last_edited=&#8221;on|desktop&#8221; _builder_version=&#8221;4.16&#8243; animation=&#8221;off&#8221; global_colors_info=&#8221;{}&#8221;]&nbsp;<br \/>\n[\/et_pb_image][\/et_pb_column_inner][\/et_pb_row_inner][et_pb_row_inner _builder_version=&#8221;4.16&#8243; custom_padding=&#8221;0|0px|0px|0px&#8221; global_colors_info=&#8221;{}&#8221;][et_pb_column_inner saved_specialty_column_type=&#8221;3_4&#8243; _builder_version=&#8221;4.16&#8243; custom_padding=&#8221;|||&#8221; global_colors_info=&#8221;{}&#8221; custom_padding__hover=&#8221;|||&#8221;][et_pb_text _builder_version=&#8221;4.16&#8243; global_colors_info=&#8221;{}&#8221;]<\/p>\n<p style=\"text-align: justify;\">Im Vergleich zum untersten Status der anderen beiden Allianzen ist der Skyteam Elite-Status schon mit relativ vielen Annehmlichkeiten versehen, w\u00e4hrend hingegen der Umfang der Annehmlichkeiten des Elite Plus-Status nicht ganz an die Emerald-Vorteile der Oneworld Alliance heranreicht. Insbesondere besteht f\u00fcr Elite Plus Mitglieder keine M\u00f6glichkeit zur Nutzung von First Class Lounges bei Fl\u00fcgen in niedrigeren Kabinenklassen.<\/p>\n<p style=\"text-align: justify;\">Die zweite Tabelle listet die wichtigsten Vielfliegerprogramme und ordnet die Statuskarten den beiden Skyteam-Statusstufen zu.<\/p>\n<p>[\/et_pb_text][\/et_pb_column_inner][\/et_pb_row_inner][et_pb_row_inner _builder_version=&#8221;4.16&#8243; background_color=&#8221;#ffffff&#8221; custom_padding=&#8221;30px|0px|0|0px&#8221; global_colors_info=&#8221;{}&#8221;][et_pb_column_inner saved_specialty_column_type=&#8221;3_4&#8243; _builder_version=&#8221;4.16&#8243; custom_padding=&#8221;|||&#8221; global_colors_info=&#8221;{}&#8221; custom_padding__hover=&#8221;|||&#8221;][et_pb_image src=&#8221;https:\/\/1001-journeys.com\/de\/wp-content\/uploads\/2022\/09\/Wichtigsten-Vielfliegerprogramme-Statuskarten-und-Statuskarten-min-1.jpg&#8221; title_text=&#8221;Wichtigsten Vielfliegerprogramme Statuskarten und Statuskarten-min&#8221; align_tablet=&#8221;center&#8221; align_phone=&#8221;center&#8221; align_last_edited=&#8221;on|desktop&#8221; _builder_version=&#8221;4.18.0&#8243; animation=&#8221;off&#8221; global_colors_info=&#8221;{}&#8221;]&nbsp;<br \/>\n[\/et_pb_image][\/et_pb_column_inner][\/et_pb_row_inner][et_pb_row_inner _builder_version=&#8221;4.16&#8243; custom_padding=&#8221;70px|0px|0px|0px&#8221; global_colors_info=&#8221;{}&#8221;][et_pb_column_inner saved_specialty_column_type=&#8221;3_4&#8243; _builder_version=&#8221;4.16&#8243; custom_padding=&#8221;|||&#8221; global_colors_info=&#8221;{}&#8221; custom_padding__hover=&#8221;|||&#8221;][et_pb_text _builder_version=&#8221;4.16&#8243; global_colors_info=&#8221;{}&#8221;]<\/p>\n<h2><u>Reviews von Skyteam-Fl\u00fcgen<\/u><\/h2>\n<p>[\/et_pb_text][\/et_pb_column_inner][\/et_pb_row_inner][et_pb_row_inner _builder_version=&#8221;4.16&#8243; custom_padding=&#8221;15px|0px|0|0px|false|false&#8221; global_colors_info=&#8221;{}&#8221;][et_pb_column_inner saved_specialty_column_type=&#8221;3_4&#8243; _builder_version=&#8221;4.16&#8243; custom_padding=&#8221;|||&#8221; global_colors_info=&#8221;{}&#8221; custom_padding__hover=&#8221;|||&#8221;][et_pb_text _builder_version=&#8221;4.16&#8243; custom_padding=&#8221;0px||3px|||&#8221; global_colors_info=&#8221;{}&#8221;]<\/p>\n<p><a href=\"https:\/\/1001-journeys.com\/de\/chinasouthern-business-ks\">China Southern Business Kurzstrecke<\/a><\/p>\n<p>[\/et_pb_text][\/et_pb_column_inner][\/et_pb_row_inner][et_pb_row_inner _builder_version=&#8221;4.16&#8243; custom_padding=&#8221;70px|0px|0px|0px&#8221; global_colors_info=&#8221;{}&#8221;][et_pb_column_inner saved_specialty_column_type=&#8221;3_4&#8243; _builder_version=&#8221;4.16&#8243; custom_padding=&#8221;|||&#8221; global_colors_info=&#8221;{}&#8221; custom_padding__hover=&#8221;|||&#8221;][et_pb_text _builder_version=&#8221;4.16&#8243; global_colors_info=&#8221;{}&#8221;]<\/p>\n<h2><u>Reviews von Skyteam-Lounges<\/u><\/h2>\n<p>[\/et_pb_text][\/et_pb_column_inner][\/et_pb_row_inner][et_pb_row_inner _builder_version=&#8221;4.16&#8243; custom_padding=&#8221;15px|0px|31px|0px|false|false&#8221; global_colors_info=&#8221;{}&#8221;][et_pb_column_inner saved_specialty_column_type=&#8221;3_4&#8243; _builder_version=&#8221;4.16&#8243; custom_padding=&#8221;|||&#8221; global_colors_info=&#8221;{}&#8221; custom_padding__hover=&#8221;|||&#8221;][et_pb_text _builder_version=&#8221;4.16&#8243; global_colors_info=&#8221;{}&#8221;]<\/p>\n<p>Bald verf\u00fcgbar<a href=\"https:\/\/1001-journeys.com\/de\/lot-business-class-lounge-warsaw\/\"><\/a><\/p>\n<p>[\/et_pb_text][\/et_pb_column_inner][\/et_pb_row_inner][\/et_pb_column][et_pb_column type=&#8221;1_4&#8243; _builder_version=&#8221;4.16&#8243; custom_padding=&#8221;|||&#8221; global_colors_info=&#8221;{}&#8221; custom_padding__hover=&#8221;|||&#8221;][et_pb_sidebar area=&#8221;sidebar-1&#8243; show_border=&#8221;off&#8221; _builder_version=&#8221;4.16&#8243; global_colors_info=&#8221;{}&#8221;][\/et_pb_sidebar][\/et_pb_column][\/et_pb_section][et_pb_section fb_built=&#8221;1&#8243; _builder_version=&#8221;3.8&#8243; background_color=&#8221;rgba(0,0,0,0.78)&#8221; background_image=&#8221;https:\/\/1001-journeys.com\/de\/wp-content\/uploads\/2018\/01\/SYD_QF20-min.jpg&#8221; background_blend=&#8221;multiply&#8221; global_module=&#8221;7498&#8243; global_colors_info=&#8221;{}&#8221;][et_pb_row column_structure=&#8221;1_4,1_4,1_4,1_4&#8243; _builder_version=&#8221;4.16&#8243; global_colors_info=&#8221;{}&#8221;][et_pb_column type=&#8221;1_4&#8243; _builder_version=&#8221;4.16&#8243; custom_padding=&#8221;|||&#8221; global_colors_info=&#8221;{}&#8221; custom_padding__hover=&#8221;|||&#8221;][et_pb_image src=&#8221;https:\/\/1001-journeys.com\/de\/wp-content\/uploads\/2018\/01\/Bild5.png&#8221; align_tablet=&#8221;center&#8221; align_phone=&#8221;&#8221; align_last_edited=&#8221;on|desktop&#8221; _builder_version=&#8221;4.16&#8243; global_colors_info=&#8221;{}&#8221;][\/et_pb_image][\/et_pb_column][et_pb_column type=&#8221;1_4&#8243; _builder_version=&#8221;4.16&#8243; custom_padding=&#8221;|||&#8221; global_colors_info=&#8221;{}&#8221; custom_padding__hover=&#8221;|||&#8221;][et_pb_text _builder_version=&#8221;4.16&#8243; text_font=&#8221;||||||||&#8221; link_font=&#8221;||||||||&#8221; link_text_color=&#8221;#930550&#8243; header_font=&#8221;||||||||&#8221; header_3_font=&#8221;||||||||&#8221; header_3_text_color=&#8221;rgba(221,189,90,0.8)&#8221; header_4_font=&#8221;||||||||&#8221; custom_padding=&#8221;30px|||&#8221; global_colors_info=&#8221;{}&#8221;]<\/p>\n<h3 style=\"text-align: left;\">Kontaktiere uns!<\/h3>\n<p style=\"text-align: left;\">1001 Journeys<br \/><a href=\"mailto:Kontakt@1001journeys.com\">Kontakt@1001-journeys.com<\/a><\/p>\n<p>[\/et_pb_text][\/et_pb_column][et_pb_column type=&#8221;1_4&#8243; _builder_version=&#8221;4.16&#8243; custom_padding=&#8221;|||&#8221; global_colors_info=&#8221;{}&#8221; custom_padding__hover=&#8221;|||&#8221;][et_pb_text _builder_version=&#8221;4.16&#8243; text_font=&#8221;||||||||&#8221; link_font=&#8221;||||||||&#8221; header_font=&#8221;||||||||&#8221; header_3_font=&#8221;||||||||&#8221; header_3_text_color=&#8221;rgba(221,189,90,0.8)&#8221; header_4_font=&#8221;||||||||&#8221; custom_padding=&#8221;30px|||&#8221; global_colors_info=&#8221;{}&#8221;]<\/p>\n<h3 style=\"text-align: left;\"><a href=\"https:\/\/1001-journeys.com\/de\/impressum\/\" target=\"_blank\" rel=\"noopener noreferrer\">Impressum<\/a><\/h3>\n<p>[\/et_pb_text][\/et_pb_column][et_pb_column type=&#8221;1_4&#8243; _builder_version=&#8221;4.16&#8243; custom_padding=&#8221;|||&#8221; global_colors_info=&#8221;{}&#8221; custom_padding__hover=&#8221;|||&#8221;][et_pb_text _builder_version=&#8221;4.16&#8243; text_font=&#8221;||||||||&#8221; link_font=&#8221;||||||||&#8221; header_font=&#8221;||||||||&#8221; header_3_font=&#8221;||||||||&#8221; header_3_text_color=&#8221;rgba(221,189,90,0.8)&#8221; header_4_font=&#8221;||||||||&#8221; custom_padding=&#8221;30px|||&#8221; global_colors_info=&#8221;{}&#8221;]<\/p>\n<h3 style=\"text-align: left;\"><a href=\"https:\/\/1001-journeys.com\/de\/datenschutz\/\" target=\"_blank\" rel=\"noopener noreferrer\">Datenschutz<\/a><\/h3>\n<p>[\/et_pb_text][\/et_pb_column][\/et_pb_row][et_pb_row_inner _builder_version=&#8221;4.16&#8243; custom_padding=&#8221;70px|0px|15px|0px&#8221; global_colors_info=&#8221;{}&#8221;][et_pb_column_inner saved_specialty_column_type=&#8221;3_4&#8243; _builder_version=&#8221;4.16&#8243; custom_padding=&#8221;|||&#8221; global_colors_info=&#8221;{}&#8221; custom_padding__hover=&#8221;|||&#8221;][et_pb_text _builder_version=&#8221;4.16&#8243; global_colors_info=&#8221;{}&#8221;]<\/p>\n<h1><span style=\"text-decoration: underline;\">Bewertung und Fazit<br \/>\n<\/span><\/h1>\n<p>[\/et_pb_text][\/et_pb_column_inner][\/et_pb_row_inner][\/et_pb_section]<\/p>\n","protected":false},"excerpt":{"rendered":"<p>SkyteamDie Skyteam Allianz besteht aus 19 Mitgliedern. Die f\u00fcnf gr\u00f6\u00dften Mitglieder im Hinblick auf ihr Passagieraufkommen sind Delta Airlines, China Eastern, Air France, Xiamen Airlines, und KLM Royal Dutch Airlines. Weitere europ\u00e4ische Mitglieder sind Air Europa, Czech Airlines, ITA Airways, SAS Scandinavian Airlines und TAROM. Insgesamt fliegen die Skyteam Mitglieder mit \u00fcber 2600 Flugzeugen mehr [&hellip;]<\/p>\n","protected":false},"author":1,"featured_media":0,"parent":0,"menu_order":0,"comment_status":"closed","ping_status":"closed","template":"","meta":{"_et_pb_use_builder":"on","_et_pb_old_content":"","_et_gb_content_width":"","jetpack_post_was_ever_published":false,"footnotes":""},"class_list":["post-6849","page","type-page","status-publish","hentry"],"yoast_head":"<!-- This site is optimized with the Yoast SEO plugin v24.8.1 - https:\/\/yoast.com\/wordpress\/plugins\/seo\/ -->\n<title>Wissen: Skyteam Alliance - 1001 Journeys<\/title>\n<meta name=\"robots\" content=\"index, follow, max-snippet:-1, max-image-preview:large, max-video-preview:-1\" \/>\n<link rel=\"canonical\" href=\"https:\/\/1001-journeys.com\/de\/skyteam-alliance\/\" \/>\n<meta property=\"og:locale\" content=\"en_US\" \/>\n<meta property=\"og:type\" content=\"article\" \/>\n<meta property=\"og:title\" content=\"Wissen: Skyteam Alliance - 1001 Journeys\" \/>\n<meta property=\"og:description\" content=\"SkyteamDie Skyteam Allianz besteht aus 19 Mitgliedern. Die f\u00fcnf gr\u00f6\u00dften Mitglieder im Hinblick auf ihr Passagieraufkommen sind Delta Airlines, China Eastern, Air France, Xiamen Airlines, und KLM Royal Dutch Airlines. Weitere europ\u00e4ische Mitglieder sind Air Europa, Czech Airlines, ITA Airways, SAS Scandinavian Airlines und TAROM. Insgesamt fliegen die Skyteam Mitglieder mit \u00fcber 2600 Flugzeugen mehr [&hellip;]\" \/>\n<meta property=\"og:url\" content=\"https:\/\/1001-journeys.com\/de\/skyteam-alliance\/\" \/>\n<meta property=\"og:site_name\" content=\"1001 Journeys\" \/>\n<meta property=\"article:modified_time\" content=\"2025-04-21T00:01:53+00:00\" \/>\n<meta name=\"twitter:card\" content=\"summary_large_image\" \/>\n<meta name=\"twitter:label1\" content=\"Est. reading time\" \/>\n\t<meta name=\"twitter:data1\" content=\"4 minutes\" \/>\n<script type=\"application\/ld+json\" class=\"yoast-schema-graph\">{\"@context\":\"https:\/\/schema.org\",\"@graph\":[{\"@type\":\"WebPage\",\"@id\":\"https:\/\/1001-journeys.com\/de\/skyteam-alliance\/\",\"url\":\"https:\/\/1001-journeys.com\/de\/skyteam-alliance\/\",\"name\":\"Wissen: Skyteam Alliance - 1001 Journeys\",\"isPartOf\":{\"@id\":\"https:\/\/1001-journeys.com\/de\/#website\"},\"datePublished\":\"2018-03-24T11:08:53+00:00\",\"dateModified\":\"2025-04-21T00:01:53+00:00\",\"breadcrumb\":{\"@id\":\"https:\/\/1001-journeys.com\/de\/skyteam-alliance\/#breadcrumb\"},\"inLanguage\":\"en-US\",\"potentialAction\":[{\"@type\":\"ReadAction\",\"target\":[\"https:\/\/1001-journeys.com\/de\/skyteam-alliance\/\"]}]},{\"@type\":\"BreadcrumbList\",\"@id\":\"https:\/\/1001-journeys.com\/de\/skyteam-alliance\/#breadcrumb\",\"itemListElement\":[{\"@type\":\"ListItem\",\"position\":1,\"name\":\"Home\",\"item\":\"https:\/\/1001-journeys.com\/de\/\"},{\"@type\":\"ListItem\",\"position\":2,\"name\":\"Wissen: Skyteam Alliance\"}]},{\"@type\":\"WebSite\",\"@id\":\"https:\/\/1001-journeys.com\/de\/#website\",\"url\":\"https:\/\/1001-journeys.com\/de\/\",\"name\":\"1001 Journeys\",\"description\":\"Entdecke die Welt\",\"potentialAction\":[{\"@type\":\"SearchAction\",\"target\":{\"@type\":\"EntryPoint\",\"urlTemplate\":\"https:\/\/1001-journeys.com\/de\/?s={search_term_string}\"},\"query-input\":{\"@type\":\"PropertyValueSpecification\",\"valueRequired\":true,\"valueName\":\"search_term_string\"}}],\"inLanguage\":\"en-US\"}]}<\/script>\n<!-- \/ Yoast SEO plugin. -->","yoast_head_json":{"title":"Wissen: Skyteam Alliance - 1001 Journeys","robots":{"index":"index","follow":"follow","max-snippet":"max-snippet:-1","max-image-preview":"max-image-preview:large","max-video-preview":"max-video-preview:-1"},"canonical":"https:\/\/1001-journeys.com\/de\/skyteam-alliance\/","og_locale":"en_US","og_type":"article","og_title":"Wissen: Skyteam Alliance - 1001 Journeys","og_description":"SkyteamDie Skyteam Allianz besteht aus 19 Mitgliedern. Die f\u00fcnf gr\u00f6\u00dften Mitglieder im Hinblick auf ihr Passagieraufkommen sind Delta Airlines, China Eastern, Air France, Xiamen Airlines, und KLM Royal Dutch Airlines. Weitere europ\u00e4ische Mitglieder sind Air Europa, Czech Airlines, ITA Airways, SAS Scandinavian Airlines und TAROM. Insgesamt fliegen die Skyteam Mitglieder mit \u00fcber 2600 Flugzeugen mehr [&hellip;]","og_url":"https:\/\/1001-journeys.com\/de\/skyteam-alliance\/","og_site_name":"1001 Journeys","article_modified_time":"2025-04-21T00:01:53+00:00","twitter_card":"summary_large_image","twitter_misc":{"Est. reading time":"4 minutes"},"schema":{"@context":"https:\/\/schema.org","@graph":[{"@type":"WebPage","@id":"https:\/\/1001-journeys.com\/de\/skyteam-alliance\/","url":"https:\/\/1001-journeys.com\/de\/skyteam-alliance\/","name":"Wissen: Skyteam Alliance - 1001 Journeys","isPartOf":{"@id":"https:\/\/1001-journeys.com\/de\/#website"},"datePublished":"2018-03-24T11:08:53+00:00","dateModified":"2025-04-21T00:01:53+00:00","breadcrumb":{"@id":"https:\/\/1001-journeys.com\/de\/skyteam-alliance\/#breadcrumb"},"inLanguage":"en-US","potentialAction":[{"@type":"ReadAction","target":["https:\/\/1001-journeys.com\/de\/skyteam-alliance\/"]}]},{"@type":"BreadcrumbList","@id":"https:\/\/1001-journeys.com\/de\/skyteam-alliance\/#breadcrumb","itemListElement":[{"@type":"ListItem","position":1,"name":"Home","item":"https:\/\/1001-journeys.com\/de\/"},{"@type":"ListItem","position":2,"name":"Wissen: Skyteam Alliance"}]},{"@type":"WebSite","@id":"https:\/\/1001-journeys.com\/de\/#website","url":"https:\/\/1001-journeys.com\/de\/","name":"1001 Journeys","description":"Entdecke die Welt","potentialAction":[{"@type":"SearchAction","target":{"@type":"EntryPoint","urlTemplate":"https:\/\/1001-journeys.com\/de\/?s={search_term_string}"},"query-input":{"@type":"PropertyValueSpecification","valueRequired":true,"valueName":"search_term_string"}}],"inLanguage":"en-US"}]}},"jetpack_sharing_enabled":true,"jetpack_shortlink":"https:\/\/wp.me\/P9VXlv-1Mt","jetpack-related-posts":[],"_links":{"self":[{"href":"https:\/\/1001-journeys.com\/de\/wp-json\/wp\/v2\/pages\/6849","targetHints":{"allow":["GET"]}}],"collection":[{"href":"https:\/\/1001-journeys.com\/de\/wp-json\/wp\/v2\/pages"}],"about":[{"href":"https:\/\/1001-journeys.com\/de\/wp-json\/wp\/v2\/types\/page"}],"author":[{"embeddable":true,"href":"https:\/\/1001-journeys.com\/de\/wp-json\/wp\/v2\/users\/1"}],"replies":[{"embeddable":true,"href":"https:\/\/1001-journeys.com\/de\/wp-json\/wp\/v2\/comments?post=6849"}],"version-history":[{"count":42,"href":"https:\/\/1001-journeys.com\/de\/wp-json\/wp\/v2\/pages\/6849\/revisions"}],"predecessor-version":[{"id":11409,"href":"https:\/\/1001-journeys.com\/de\/wp-json\/wp\/v2\/pages\/6849\/revisions\/11409"}],"wp:attachment":[{"href":"https:\/\/1001-journeys.com\/de\/wp-json\/wp\/v2\/media?parent=6849"}],"curies":[{"name":"wp","href":"https:\/\/api.w.org\/{rel}","templated":true}]}}